{"id":93,"date":"2025-01-09T11:18:45","date_gmt":"2025-01-09T10:18:45","guid":{"rendered":"https:\/\/imperium.li\/?page_id=93"},"modified":"2025-02-06T22:48:34","modified_gmt":"2025-02-06T21:48:34","slug":"service","status":"publish","type":"page","link":"https:\/\/imperium.li\/?page_id=93","title":{"rendered":"Service"},"content":{"rendered":"\t\t<div data-elementor-type=\"wp-page\" data-elementor-id=\"93\" class=\"elementor elementor-93\">\n\t\t\t\t<div class=\"elementor-element elementor-element-529d832f e-con-full e-flex e-con e-parent\" data-id=\"529d832f\" data-element_type=\"container\" data-settings=\"{&quot;background_background&quot;:&quot;classic&quot;}\">\n\t\t<div class=\"elementor-element elementor-element-cdeda95 e-con-full e-flex e-con e-child\" data-id=\"cdeda95\" data-element_type=\"container\" data-settings=\"{&quot;background_background&quot;:&quot;classic&quot;}\">\n\t\t\t\t<div class=\"elementor-element elementor-element-bc6568b elementor-widget elementor-widget-heading\" data-id=\"bc6568b\" data-element_type=\"widget\" data-widget_type=\"heading.default\">\n\t\t\t\t<div class=\"elementor-widget-container\">\n\t\t\t\t\t<h3 class=\"elementor-heading-title elementor-size-default\">Unsere Service<\/h3>\t\t\t\t<\/div>\n\t\t\t\t<\/div>\n\t\t\t\t<\/div>\n\t\t<div class=\"elementor-element elementor-element-f8d5e44 e-con-full e-flex e-con e-child\" data-id=\"f8d5e44\" data-element_type=\"container\" data-settings=\"{&quot;background_background&quot;:&quot;classic&quot;}\">\n\t\t\t\t<div class=\"elementor-element elementor-element-0079fd0 elementor-widget elementor-widget-text-editor\" data-id=\"0079fd0\" data-element_type=\"widget\" data-widget_type=\"text-editor.default\">\n\t\t\t\t<div class=\"elementor-widget-container\">\n\t\t\t\t\t\t\t\t\t<h3><span style=\"color: #ffffff;\"><strong>Edelmetalle in bester Qualit\u00e4t \u2013 mit Sonderkonditionen f\u00fcr Gro\u00dfinvestoren<\/strong><\/span><\/h3>\n\t\t\t\t\t\t\t\t<\/div>\n\t\t\t\t<\/div>\n\t\t\t\t<div class=\"elementor-element elementor-element-59a177e elementor-widget__width-initial elementor-widget elementor-widget-text-editor\" data-id=\"59a177e\" data-element_type=\"widget\" data-widget_type=\"text-editor.default\">\n\t\t\t\t<div class=\"elementor-widget-container\">\n\t\t\t\t\t\t\t\t\t<p>Unsere Edelmetalle stehen f\u00fcr herausragende Reinheit, exzellente Verarbeitung und langfristige Wertstabilit\u00e4t.<\/p>\n<p>Ob Gold, Silber, Platin oder Palladium \u2013 profitieren Sie von hochwertigen Produkten, die internationalen Standards entsprechen und als sichere Anlage \u00fcberzeugen.<\/p>\n<p>Vertrauen Sie auf Qualit\u00e4t, Transparenz und professionelle Beratung \u2013 f\u00fcr eine sichere und erfolgreiche Investition.<\/p>\n\t\t\t\t\t\t\t\t<\/div>\n\t\t\t\t<\/div>\n\t\t\t\t<div class=\"elementor-element elementor-element-8c5f96b elementor-widget elementor-widget-stm_spacing\" data-id=\"8c5f96b\" data-element_type=\"widget\" data-widget_type=\"stm_spacing.default\">\n\t\t\t\t<div class=\"elementor-widget-container\">\n\t\t\t\t\t<div class=\"stm-spacing\" id=\"stm-spacing-69e3af509712c\"><\/div>\n<script>\n    (function($){\n        \"use strict\";\n        var spacingID = 'stm-spacing-69e3af509712c',\n            lgSpacing = '',\n            mdSpacing = '',\n            smSpacing = '',\n            xsSpacing = '';\n\n        function stmSpacing() {\n            if ( window.matchMedia(\"(min-width: 1200px)\").matches && lgSpacing ) {\n                $( '#' + spacingID ).css ( \"height\", lgSpacing );\n            } else if ( window.matchMedia(\"(max-width: 1199px) and (min-width: 992px )\").matches && mdSpacing ) {\n                $( '#' + spacingID ).css ( \"height\", mdSpacing );\n            } else if ( window.matchMedia(\"(max-width: 991px) and (min-width: 768px )\").matches && smSpacing ) {\n                $( '#' + spacingID ).css ( \"height\", smSpacing );\n            } else if ( window.matchMedia(\"(max-width: 767px)\").matches && xsSpacing ) {\n                $( '#' + spacingID ).css ( \"height\", xsSpacing );\n            } else {\n                $( '#' + spacingID ).css ( \"height\", \"\" );\n            }\n        }\n\n        $(document).ready(function() {\n            stmSpacing();\n        });\n\n        $(window).resize(function() {\n            stmSpacing();\n        });\n\n    })(jQuery);\n<\/script>\t\t\t\t<\/div>\n\t\t\t\t<\/div>\n\t\t\t\t<\/div>\n\t\t\t\t<div class=\"elementor-element elementor-element-f79e522 elementor-widget elementor-widget-stm_spacing\" data-id=\"f79e522\" data-element_type=\"widget\" data-widget_type=\"stm_spacing.default\">\n\t\t\t\t<div class=\"elementor-widget-container\">\n\t\t\t\t\t<div class=\"stm-spacing\" id=\"stm-spacing-69e3af5097dff\"><\/div>\n<script>\n    (function($){\n        \"use strict\";\n        var spacingID = 'stm-spacing-69e3af5097dff',\n            lgSpacing = '',\n            mdSpacing = '',\n            smSpacing = '',\n            xsSpacing = '';\n\n        function stmSpacing() {\n            if ( window.matchMedia(\"(min-width: 1200px)\").matches && lgSpacing ) {\n                $( '#' + spacingID ).css ( \"height\", lgSpacing );\n            } else if ( window.matchMedia(\"(max-width: 1199px) and (min-width: 992px )\").matches && mdSpacing ) {\n                $( '#' + spacingID ).css ( \"height\", mdSpacing );\n            } else if ( window.matchMedia(\"(max-width: 991px) and (min-width: 768px )\").matches && smSpacing ) {\n                $( '#' + spacingID ).css ( \"height\", smSpacing );\n            } else if ( window.matchMedia(\"(max-width: 767px)\").matches && xsSpacing ) {\n                $( '#' + spacingID ).css ( \"height\", xsSpacing );\n            } else {\n                $( '#' + spacingID ).css ( \"height\", \"\" );\n            }\n        }\n\n        $(document).ready(function() {\n            stmSpacing();\n        });\n\n        $(window).resize(function() {\n            stmSpacing();\n        });\n\n    })(jQuery);\n<\/script>\t\t\t\t<\/div>\n\t\t\t\t<\/div>\n\t\t<div class=\"elementor-element elementor-element-8ed13e9 e-flex e-con-boxed e-con e-child\" data-id=\"8ed13e9\" data-element_type=\"container\">\n\t\t\t\t\t<div class=\"e-con-inner\">\n\t\t\t\t<div class=\"elementor-element elementor-element-aa0d41d elementor-widget__width-initial elementor-widget elementor-widget-stm_services\" data-id=\"aa0d41d\" data-element_type=\"widget\" data-widget_type=\"stm_services.default\">\n\t\t\t\t<div class=\"elementor-widget-container\">\n\t\t\t\t\t\n\t\t\t\t<\/div>\n\t\t\t\t<\/div>\n\t\t\t\t<div class=\"elementor-element elementor-element-d9e188b elementor-widget elementor-widget-stm_spacing\" data-id=\"d9e188b\" data-element_type=\"widget\" data-widget_type=\"stm_spacing.default\">\n\t\t\t\t<div class=\"elementor-widget-container\">\n\t\t\t\t\t<div class=\"stm-spacing\" id=\"stm-spacing-69e3af50a3291\"><\/div>\n<script>\n    (function($){\n        \"use strict\";\n        var spacingID = 'stm-spacing-69e3af50a3291',\n            lgSpacing = '',\n            mdSpacing = '',\n            smSpacing = '',\n            xsSpacing = '';\n\n        function stmSpacing() {\n            if ( window.matchMedia(\"(min-width: 1200px)\").matches && lgSpacing ) {\n                $( '#' + spacingID ).css ( \"height\", lgSpacing );\n            } else if ( window.matchMedia(\"(max-width: 1199px) and (min-width: 992px )\").matches && mdSpacing ) {\n                $( '#' + spacingID ).css ( \"height\", mdSpacing );\n            } else if ( window.matchMedia(\"(max-width: 991px) and (min-width: 768px )\").matches && smSpacing ) {\n                $( '#' + spacingID ).css ( \"height\", smSpacing );\n            } else if ( window.matchMedia(\"(max-width: 767px)\").matches && xsSpacing ) {\n                $( '#' + spacingID ).css ( \"height\", xsSpacing );\n            } else {\n                $( '#' + spacingID ).css ( \"height\", \"\" );\n            }\n        }\n\n        $(document).ready(function() {\n            stmSpacing();\n        });\n\n        $(window).resize(function() {\n            stmSpacing();\n        });\n\n    })(jQuery);\n<\/script>\t\t\t\t<\/div>\n\t\t\t\t<\/div>\n\t\t\t\t<div class=\"elementor-element elementor-element-34dcba4 elementor-widget elementor-widget-stm_spacing\" data-id=\"34dcba4\" data-element_type=\"widget\" data-widget_type=\"stm_spacing.default\">\n\t\t\t\t<div class=\"elementor-widget-container\">\n\t\t\t\t\t<div class=\"stm-spacing\" id=\"stm-spacing-69e3af50a34e0\"><\/div>\n<script>\n    (function($){\n        \"use strict\";\n        var spacingID = 'stm-spacing-69e3af50a34e0',\n            lgSpacing = '',\n            mdSpacing = '',\n            smSpacing = '',\n            xsSpacing = '';\n\n        function stmSpacing() {\n            if ( window.matchMedia(\"(min-width: 1200px)\").matches && lgSpacing ) {\n                $( '#' + spacingID ).css ( \"height\", lgSpacing );\n            } else if ( window.matchMedia(\"(max-width: 1199px) and (min-width: 992px )\").matches && mdSpacing ) {\n                $( '#' + spacingID ).css ( \"height\", mdSpacing );\n            } else if ( window.matchMedia(\"(max-width: 991px) and (min-width: 768px )\").matches && smSpacing ) {\n                $( '#' + spacingID ).css ( \"height\", smSpacing );\n            } else if ( window.matchMedia(\"(max-width: 767px)\").matches && xsSpacing ) {\n                $( '#' + spacingID ).css ( \"height\", xsSpacing );\n            } else {\n                $( '#' + spacingID ).css ( \"height\", \"\" );\n            }\n        }\n\n        $(document).ready(function() {\n            stmSpacing();\n        });\n\n        $(window).resize(function() {\n            stmSpacing();\n        });\n\n    })(jQuery);\n<\/script>\t\t\t\t<\/div>\n\t\t\t\t<\/div>\n\t\t\t\t<div class=\"elementor-element elementor-element-7bebca2 elementor-widget elementor-widget-stm_spacing\" data-id=\"7bebca2\" data-element_type=\"widget\" data-widget_type=\"stm_spacing.default\">\n\t\t\t\t<div class=\"elementor-widget-container\">\n\t\t\t\t\t<div class=\"stm-spacing\" id=\"stm-spacing-69e3af50a3722\"><\/div>\n<script>\n    (function($){\n        \"use strict\";\n        var spacingID = 'stm-spacing-69e3af50a3722',\n            lgSpacing = '',\n            mdSpacing = '',\n            smSpacing = '',\n            xsSpacing = '';\n\n        function stmSpacing() {\n            if ( window.matchMedia(\"(min-width: 1200px)\").matches && lgSpacing ) {\n                $( '#' + spacingID ).css ( \"height\", lgSpacing );\n            } else if ( window.matchMedia(\"(max-width: 1199px) and (min-width: 992px )\").matches && mdSpacing ) {\n                $( '#' + spacingID ).css ( \"height\", mdSpacing );\n            } else if ( window.matchMedia(\"(max-width: 991px) and (min-width: 768px )\").matches && smSpacing ) {\n                $( '#' + spacingID ).css ( \"height\", smSpacing );\n            } else if ( window.matchMedia(\"(max-width: 767px)\").matches && xsSpacing ) {\n                $( '#' + spacingID ).css ( \"height\", xsSpacing );\n            } else {\n                $( '#' + spacingID ).css ( \"height\", \"\" );\n            }\n        }\n\n        $(document).ready(function() {\n            stmSpacing();\n        });\n\n        $(window).resize(function() {\n            stmSpacing();\n        });\n\n    })(jQuery);\n<\/script>\t\t\t\t<\/div>\n\t\t\t\t<\/div>\n\t\t\t\t<div class=\"elementor-element elementor-element-b16de43 elementor-widget elementor-widget-text-editor\" data-id=\"b16de43\" data-element_type=\"widget\" data-widget_type=\"text-editor.default\">\n\t\t\t\t<div class=\"elementor-widget-container\">\n\t\t\t\t\t\t\t\t\t<p><span style=\"font-size: 8pt;\">Copyright \u00a9 2025 \u2013 imperium.li \u2013 Alle Rechte vorbehalten.<\/span><\/p>\n\t\t\t\t\t\t\t\t<\/div>\n\t\t\t\t<\/div>\n\t\t\t\t\t<\/div>\n\t\t\t\t<\/div>\n\t\t\t\t<\/div>\n\t\t\t\t<\/div>\n\t\t","protected":false},"excerpt":{"rendered":"<p>Unsere Service Edelmetalle in bester Qualit\u00e4t \u2013 mit Sonderkonditionen f\u00fcr Gro\u00dfinvestoren Unsere Edelmetalle stehen f\u00fcr herausragende Reinheit, exzellente Verarbeitung und langfristige Wertstabilit\u00e4t. Ob Gold, Silber, Platin oder Palladium \u2013 profitieren Sie von hochwertigen Produkten, die internationalen Standards entsprechen und als sichere Anlage \u00fcberzeugen. Vertrauen Sie auf Qualit\u00e4t, Transparenz und professionelle Beratung \u2013 f\u00fcr eine sichere<\/p>\n","protected":false},"author":1,"featured_media":0,"parent":0,"menu_order":2,"comment_status":"closed","ping_status":"closed","template":"","meta":{"om_disable_all_campaigns":false,"_monsterinsights_skip_tracking":false,"_monsterinsights_sitenote_active":false,"_monsterinsights_sitenote_note":"","_monsterinsights_sitenote_category":0,"footnotes":""},"class_list":["post-93","page","type-page","status-publish","hentry"],"aioseo_notices":[],"yoast_head":"<!-- This site is optimized with the Yoast SEO plugin v24.9 - https:\/\/yoast.com\/wordpress\/plugins\/seo\/ -->\n<title>Service - imperium.li<\/title>\n<meta name=\"robots\" content=\"index, follow, max-snippet:-1, max-image-preview:large, max-video-preview:-1\" \/>\n<link rel=\"canonical\" href=\"https:\/\/imperium.li\/?page_id=93\" \/>\n<meta property=\"og:locale\" content=\"de_DE\" \/>\n<meta property=\"og:type\" content=\"article\" \/>\n<meta property=\"og:title\" content=\"Service - imperium.li\" \/>\n<meta property=\"og:description\" content=\"Unsere Service Edelmetalle in bester Qualit\u00e4t \u2013 mit Sonderkonditionen f\u00fcr Gro\u00dfinvestoren Unsere Edelmetalle stehen f\u00fcr herausragende Reinheit, exzellente Verarbeitung und langfristige Wertstabilit\u00e4t. Ob Gold, Silber, Platin oder Palladium \u2013 profitieren Sie von hochwertigen Produkten, die internationalen Standards entsprechen und als sichere Anlage \u00fcberzeugen. Vertrauen Sie auf Qualit\u00e4t, Transparenz und professionelle Beratung \u2013 f\u00fcr eine sichere\" \/>\n<meta property=\"og:url\" content=\"https:\/\/imperium.li\/?page_id=93\" \/>\n<meta property=\"og:site_name\" content=\"imperium.li\" \/>\n<meta property=\"article:modified_time\" content=\"2025-02-06T21:48:34+00:00\" \/>\n<meta property=\"og:image\" content=\"https:\/\/imperium.li\/wp-content\/uploads\/2025\/01\/goldbarre1.png\" \/>\n<meta name=\"twitter:card\" content=\"summary_large_image\" \/>\n<meta name=\"twitter:label1\" content=\"Gesch\u00e4tzte Lesezeit\" \/>\n\t<meta name=\"twitter:data1\" content=\"1\u00a0Minute\" \/>\n<script type=\"application\/ld+json\" class=\"yoast-schema-graph\">{\"@context\":\"https:\/\/schema.org\",\"@graph\":[{\"@type\":\"WebPage\",\"@id\":\"https:\/\/imperium.li\/?page_id=93\",\"url\":\"https:\/\/imperium.li\/?page_id=93\",\"name\":\"Service - imperium.li\",\"isPartOf\":{\"@id\":\"https:\/\/imperium.li\/#website\"},\"primaryImageOfPage\":{\"@id\":\"https:\/\/imperium.li\/?page_id=93#primaryimage\"},\"image\":{\"@id\":\"https:\/\/imperium.li\/?page_id=93#primaryimage\"},\"thumbnailUrl\":\"https:\/\/imperium.li\/wp-content\/uploads\/2025\/01\/goldbarre1.png\",\"datePublished\":\"2025-01-09T10:18:45+00:00\",\"dateModified\":\"2025-02-06T21:48:34+00:00\",\"breadcrumb\":{\"@id\":\"https:\/\/imperium.li\/?page_id=93#breadcrumb\"},\"inLanguage\":\"de\",\"potentialAction\":[{\"@type\":\"ReadAction\",\"target\":[\"https:\/\/imperium.li\/?page_id=93\"]}]},{\"@type\":\"ImageObject\",\"inLanguage\":\"de\",\"@id\":\"https:\/\/imperium.li\/?page_id=93#primaryimage\",\"url\":\"https:\/\/imperium.li\/wp-content\/uploads\/2025\/01\/goldbarre1.png\",\"contentUrl\":\"https:\/\/imperium.li\/wp-content\/uploads\/2025\/01\/goldbarre1.png\",\"width\":1024,\"height\":1024},{\"@type\":\"BreadcrumbList\",\"@id\":\"https:\/\/imperium.li\/?page_id=93#breadcrumb\",\"itemListElement\":[{\"@type\":\"ListItem\",\"position\":1,\"name\":\"Startseite\",\"item\":\"https:\/\/imperium.li\/\"},{\"@type\":\"ListItem\",\"position\":2,\"name\":\"Service\"}]},{\"@type\":\"WebSite\",\"@id\":\"https:\/\/imperium.li\/#website\",\"url\":\"https:\/\/imperium.li\/\",\"name\":\"imperium.li\",\"description\":\"Exklusiver Handel mit Edelmetallen wie Gold, Silber, Platin\",\"potentialAction\":[{\"@type\":\"SearchAction\",\"target\":{\"@type\":\"EntryPoint\",\"urlTemplate\":\"https:\/\/imperium.li\/?s={search_term_string}\"},\"query-input\":{\"@type\":\"PropertyValueSpecification\",\"valueRequired\":true,\"valueName\":\"search_term_string\"}}],\"inLanguage\":\"de\"}]}<\/script>\n<!-- \/ Yoast SEO plugin. -->","yoast_head_json":{"title":"Service - imperium.li","robots":{"index":"index","follow":"follow","max-snippet":"max-snippet:-1","max-image-preview":"max-image-preview:large","max-video-preview":"max-video-preview:-1"},"canonical":"https:\/\/imperium.li\/?page_id=93","og_locale":"de_DE","og_type":"article","og_title":"Service - imperium.li","og_description":"Unsere Service Edelmetalle in bester Qualit\u00e4t \u2013 mit Sonderkonditionen f\u00fcr Gro\u00dfinvestoren Unsere Edelmetalle stehen f\u00fcr herausragende Reinheit, exzellente Verarbeitung und langfristige Wertstabilit\u00e4t. Ob Gold, Silber, Platin oder Palladium \u2013 profitieren Sie von hochwertigen Produkten, die internationalen Standards entsprechen und als sichere Anlage \u00fcberzeugen. Vertrauen Sie auf Qualit\u00e4t, Transparenz und professionelle Beratung \u2013 f\u00fcr eine sichere","og_url":"https:\/\/imperium.li\/?page_id=93","og_site_name":"imperium.li","article_modified_time":"2025-02-06T21:48:34+00:00","og_image":[{"url":"https:\/\/imperium.li\/wp-content\/uploads\/2025\/01\/goldbarre1.png","type":"","width":"","height":""}],"twitter_card":"summary_large_image","twitter_misc":{"Gesch\u00e4tzte Lesezeit":"1\u00a0Minute"},"schema":{"@context":"https:\/\/schema.org","@graph":[{"@type":"WebPage","@id":"https:\/\/imperium.li\/?page_id=93","url":"https:\/\/imperium.li\/?page_id=93","name":"Service - imperium.li","isPartOf":{"@id":"https:\/\/imperium.li\/#website"},"primaryImageOfPage":{"@id":"https:\/\/imperium.li\/?page_id=93#primaryimage"},"image":{"@id":"https:\/\/imperium.li\/?page_id=93#primaryimage"},"thumbnailUrl":"https:\/\/imperium.li\/wp-content\/uploads\/2025\/01\/goldbarre1.png","datePublished":"2025-01-09T10:18:45+00:00","dateModified":"2025-02-06T21:48:34+00:00","breadcrumb":{"@id":"https:\/\/imperium.li\/?page_id=93#breadcrumb"},"inLanguage":"de","potentialAction":[{"@type":"ReadAction","target":["https:\/\/imperium.li\/?page_id=93"]}]},{"@type":"ImageObject","inLanguage":"de","@id":"https:\/\/imperium.li\/?page_id=93#primaryimage","url":"https:\/\/imperium.li\/wp-content\/uploads\/2025\/01\/goldbarre1.png","contentUrl":"https:\/\/imperium.li\/wp-content\/uploads\/2025\/01\/goldbarre1.png","width":1024,"height":1024},{"@type":"BreadcrumbList","@id":"https:\/\/imperium.li\/?page_id=93#breadcrumb","itemListElement":[{"@type":"ListItem","position":1,"name":"Startseite","item":"https:\/\/imperium.li\/"},{"@type":"ListItem","position":2,"name":"Service"}]},{"@type":"WebSite","@id":"https:\/\/imperium.li\/#website","url":"https:\/\/imperium.li\/","name":"imperium.li","description":"Exklusiver Handel mit Edelmetallen wie Gold, Silber, Platin","potentialAction":[{"@type":"SearchAction","target":{"@type":"EntryPoint","urlTemplate":"https:\/\/imperium.li\/?s={search_term_string}"},"query-input":{"@type":"PropertyValueSpecification","valueRequired":true,"valueName":"search_term_string"}}],"inLanguage":"de"}]}},"_links":{"self":[{"href":"https:\/\/imperium.li\/index.php?rest_route=\/wp\/v2\/pages\/93","targetHints":{"allow":["GET"]}}],"collection":[{"href":"https:\/\/imperium.li\/index.php?rest_route=\/wp\/v2\/pages"}],"about":[{"href":"https:\/\/imperium.li\/index.php?rest_route=\/wp\/v2\/types\/page"}],"author":[{"embeddable":true,"href":"https:\/\/imperium.li\/index.php?rest_route=\/wp\/v2\/users\/1"}],"replies":[{"embeddable":true,"href":"https:\/\/imperium.li\/index.php?rest_route=%2Fwp%2Fv2%2Fcomments&post=93"}],"version-history":[{"count":161,"href":"https:\/\/imperium.li\/index.php?rest_route=\/wp\/v2\/pages\/93\/revisions"}],"predecessor-version":[{"id":3395,"href":"https:\/\/imperium.li\/index.php?rest_route=\/wp\/v2\/pages\/93\/revisions\/3395"}],"wp:attachment":[{"href":"https:\/\/imperium.li\/index.php?rest_route=%2Fwp%2Fv2%2Fmedia&parent=93"}],"curies":[{"name":"wp","href":"https:\/\/api.w.org\/{rel}","templated":true}]}}