{"id":3404,"date":"2025-02-06T22:57:27","date_gmt":"2025-02-06T21:57:27","guid":{"rendered":"https:\/\/imperium.li\/?page_id=3404"},"modified":"2025-02-07T07:10:17","modified_gmt":"2025-02-07T06:10:17","slug":"servico","status":"publish","type":"page","link":"https:\/\/imperium.li\/?page_id=3404&lang=pt","title":{"rendered":"Servi\u00e7o"},"content":{"rendered":"\t\t<div data-elementor-type=\"wp-page\" data-elementor-id=\"3404\" class=\"elementor elementor-3404\">\n\t\t\t\t<div class=\"elementor-element elementor-element-529d832f e-con-full e-flex e-con e-parent\" data-id=\"529d832f\" data-element_type=\"container\" data-settings=\"{&quot;background_background&quot;:&quot;classic&quot;}\">\n\t\t<div class=\"elementor-element elementor-element-cdeda95 e-con-full e-flex e-con e-child\" data-id=\"cdeda95\" data-element_type=\"container\" data-settings=\"{&quot;background_background&quot;:&quot;classic&quot;}\">\n\t\t\t\t<div class=\"elementor-element elementor-element-bc6568b elementor-widget elementor-widget-heading\" data-id=\"bc6568b\" data-element_type=\"widget\" data-widget_type=\"heading.default\">\n\t\t\t\t<div class=\"elementor-widget-container\">\n\t\t\t\t\t<h3 class=\"elementor-heading-title elementor-size-default\">O nosso servi\u00e7o<\/h3>\t\t\t\t<\/div>\n\t\t\t\t<\/div>\n\t\t\t\t<\/div>\n\t\t<div class=\"elementor-element elementor-element-f8d5e44 e-con-full e-flex e-con e-child\" data-id=\"f8d5e44\" data-element_type=\"container\" data-settings=\"{&quot;background_background&quot;:&quot;classic&quot;}\">\n\t\t\t\t<div class=\"elementor-element elementor-element-0079fd0 elementor-widget elementor-widget-text-editor\" data-id=\"0079fd0\" data-element_type=\"widget\" data-widget_type=\"text-editor.default\">\n\t\t\t\t<div class=\"elementor-widget-container\">\n\t\t\t\t\t\t\t\t\t<h3><span style=\"color: #ffffff;\"><strong>Metais preciosos da mais alta qualidade &#8211; com condi\u00e7\u00f5es especiais para grandes investidores<\/strong><\/span><\/h3>\n\t\t\t\t\t\t\t\t<\/div>\n\t\t\t\t<\/div>\n\t\t\t\t<div class=\"elementor-element elementor-element-59a177e elementor-widget__width-initial elementor-widget elementor-widget-text-editor\" data-id=\"59a177e\" data-element_type=\"widget\" data-widget_type=\"text-editor.default\">\n\t\t\t\t<div class=\"elementor-widget-container\">\n\t\t\t\t\t\t\t\t\t<p>Os nossos metais preciosos s\u00e3o sin\u00f3nimo de pureza excecional, excelente processamento e estabilidade de valor a longo prazo.<\/p>\n<p>Quer se trate de ouro, prata, platina ou pal\u00e1dio &#8211; beneficie de produtos de alta qualidade que cumprem as normas internacionais e s\u00e3o um investimento seguro.<\/p>\n<p>Confie na qualidade, transpar\u00eancia e aconselhamento profissional &#8211; para um investimento seguro e bem sucedido.<\/p>\n\t\t\t\t\t\t\t\t<\/div>\n\t\t\t\t<\/div>\n\t\t\t\t<div class=\"elementor-element elementor-element-8c5f96b elementor-widget elementor-widget-stm_spacing\" data-id=\"8c5f96b\" data-element_type=\"widget\" data-widget_type=\"stm_spacing.default\">\n\t\t\t\t<div class=\"elementor-widget-container\">\n\t\t\t\t\t<div class=\"stm-spacing\" id=\"stm-spacing-69e3c5864b07f\"><\/div>\n<script>\n    (function($){\n        \"use strict\";\n        var spacingID = 'stm-spacing-69e3c5864b07f',\n            lgSpacing = '',\n            mdSpacing = '',\n            smSpacing = '',\n            xsSpacing = '';\n\n        function stmSpacing() {\n            if ( window.matchMedia(\"(min-width: 1200px)\").matches && lgSpacing ) {\n                $( '#' + spacingID ).css ( \"height\", lgSpacing );\n            } else if ( window.matchMedia(\"(max-width: 1199px) and (min-width: 992px )\").matches && mdSpacing ) {\n                $( '#' + spacingID ).css ( \"height\", mdSpacing );\n            } else if ( window.matchMedia(\"(max-width: 991px) and (min-width: 768px )\").matches && smSpacing ) {\n                $( '#' + spacingID ).css ( \"height\", smSpacing );\n            } else if ( window.matchMedia(\"(max-width: 767px)\").matches && xsSpacing ) {\n                $( '#' + spacingID ).css ( \"height\", xsSpacing );\n            } else {\n                $( '#' + spacingID ).css ( \"height\", \"\" );\n            }\n        }\n\n        $(document).ready(function() {\n            stmSpacing();\n        });\n\n        $(window).resize(function() {\n            stmSpacing();\n        });\n\n    })(jQuery);\n<\/script>\t\t\t\t<\/div>\n\t\t\t\t<\/div>\n\t\t\t\t<\/div>\n\t\t\t\t<div class=\"elementor-element elementor-element-f79e522 elementor-widget elementor-widget-stm_spacing\" data-id=\"f79e522\" data-element_type=\"widget\" data-widget_type=\"stm_spacing.default\">\n\t\t\t\t<div class=\"elementor-widget-container\">\n\t\t\t\t\t<div class=\"stm-spacing\" id=\"stm-spacing-69e3c5864bde6\"><\/div>\n<script>\n    (function($){\n        \"use strict\";\n        var spacingID = 'stm-spacing-69e3c5864bde6',\n            lgSpacing = '',\n            mdSpacing = '',\n            smSpacing = '',\n            xsSpacing = '';\n\n        function stmSpacing() {\n            if ( window.matchMedia(\"(min-width: 1200px)\").matches && lgSpacing ) {\n                $( '#' + spacingID ).css ( \"height\", lgSpacing );\n            } else if ( window.matchMedia(\"(max-width: 1199px) and (min-width: 992px )\").matches && mdSpacing ) {\n                $( '#' + spacingID ).css ( \"height\", mdSpacing );\n            } else if ( window.matchMedia(\"(max-width: 991px) and (min-width: 768px )\").matches && smSpacing ) {\n                $( '#' + spacingID ).css ( \"height\", smSpacing );\n            } else if ( window.matchMedia(\"(max-width: 767px)\").matches && xsSpacing ) {\n                $( '#' + spacingID ).css ( \"height\", xsSpacing );\n            } else {\n                $( '#' + spacingID ).css ( \"height\", \"\" );\n            }\n        }\n\n        $(document).ready(function() {\n            stmSpacing();\n        });\n\n        $(window).resize(function() {\n            stmSpacing();\n        });\n\n    })(jQuery);\n<\/script>\t\t\t\t<\/div>\n\t\t\t\t<\/div>\n\t\t<div class=\"elementor-element elementor-element-8ed13e9 e-flex e-con-boxed e-con e-child\" data-id=\"8ed13e9\" data-element_type=\"container\">\n\t\t\t\t\t<div class=\"e-con-inner\">\n\t\t\t\t<div class=\"elementor-element elementor-element-aa0d41d elementor-widget__width-initial elementor-widget elementor-widget-stm_services\" data-id=\"aa0d41d\" data-element_type=\"widget\" data-widget_type=\"stm_services.default\">\n\t\t\t\t<div class=\"elementor-widget-container\">\n\t\t\t\t\t\n\t\t\t\t<\/div>\n\t\t\t\t<\/div>\n\t\t\t\t<div class=\"elementor-element elementor-element-d9e188b elementor-widget elementor-widget-stm_spacing\" data-id=\"d9e188b\" data-element_type=\"widget\" data-widget_type=\"stm_spacing.default\">\n\t\t\t\t<div class=\"elementor-widget-container\">\n\t\t\t\t\t<div class=\"stm-spacing\" id=\"stm-spacing-69e3c58659c21\"><\/div>\n<script>\n    (function($){\n        \"use strict\";\n        var spacingID = 'stm-spacing-69e3c58659c21',\n            lgSpacing = '',\n            mdSpacing = '',\n            smSpacing = '',\n            xsSpacing = '';\n\n        function stmSpacing() {\n            if ( window.matchMedia(\"(min-width: 1200px)\").matches && lgSpacing ) {\n                $( '#' + spacingID ).css ( \"height\", lgSpacing );\n            } else if ( window.matchMedia(\"(max-width: 1199px) and (min-width: 992px )\").matches && mdSpacing ) {\n                $( '#' + spacingID ).css ( \"height\", mdSpacing );\n            } else if ( window.matchMedia(\"(max-width: 991px) and (min-width: 768px )\").matches && smSpacing ) {\n                $( '#' + spacingID ).css ( \"height\", smSpacing );\n            } else if ( window.matchMedia(\"(max-width: 767px)\").matches && xsSpacing ) {\n                $( '#' + spacingID ).css ( \"height\", xsSpacing );\n            } else {\n                $( '#' + spacingID ).css ( \"height\", \"\" );\n            }\n        }\n\n        $(document).ready(function() {\n            stmSpacing();\n        });\n\n        $(window).resize(function() {\n            stmSpacing();\n        });\n\n    })(jQuery);\n<\/script>\t\t\t\t<\/div>\n\t\t\t\t<\/div>\n\t\t\t\t<div class=\"elementor-element elementor-element-34dcba4 elementor-widget elementor-widget-stm_spacing\" data-id=\"34dcba4\" data-element_type=\"widget\" data-widget_type=\"stm_spacing.default\">\n\t\t\t\t<div class=\"elementor-widget-container\">\n\t\t\t\t\t<div class=\"stm-spacing\" id=\"stm-spacing-69e3c58659f40\"><\/div>\n<script>\n    (function($){\n        \"use strict\";\n        var spacingID = 'stm-spacing-69e3c58659f40',\n            lgSpacing = '',\n            mdSpacing = '',\n            smSpacing = '',\n            xsSpacing = '';\n\n        function stmSpacing() {\n            if ( window.matchMedia(\"(min-width: 1200px)\").matches && lgSpacing ) {\n                $( '#' + spacingID ).css ( \"height\", lgSpacing );\n            } else if ( window.matchMedia(\"(max-width: 1199px) and (min-width: 992px )\").matches && mdSpacing ) {\n                $( '#' + spacingID ).css ( \"height\", mdSpacing );\n            } else if ( window.matchMedia(\"(max-width: 991px) and (min-width: 768px )\").matches && smSpacing ) {\n                $( '#' + spacingID ).css ( \"height\", smSpacing );\n            } else if ( window.matchMedia(\"(max-width: 767px)\").matches && xsSpacing ) {\n                $( '#' + spacingID ).css ( \"height\", xsSpacing );\n            } else {\n                $( '#' + spacingID ).css ( \"height\", \"\" );\n            }\n        }\n\n        $(document).ready(function() {\n            stmSpacing();\n        });\n\n        $(window).resize(function() {\n            stmSpacing();\n        });\n\n    })(jQuery);\n<\/script>\t\t\t\t<\/div>\n\t\t\t\t<\/div>\n\t\t\t\t<div class=\"elementor-element elementor-element-7bebca2 elementor-widget elementor-widget-stm_spacing\" data-id=\"7bebca2\" data-element_type=\"widget\" data-widget_type=\"stm_spacing.default\">\n\t\t\t\t<div class=\"elementor-widget-container\">\n\t\t\t\t\t<div class=\"stm-spacing\" id=\"stm-spacing-69e3c5865a2b2\"><\/div>\n<script>\n    (function($){\n        \"use strict\";\n        var spacingID = 'stm-spacing-69e3c5865a2b2',\n            lgSpacing = '',\n            mdSpacing = '',\n            smSpacing = '',\n            xsSpacing = '';\n\n        function stmSpacing() {\n            if ( window.matchMedia(\"(min-width: 1200px)\").matches && lgSpacing ) {\n                $( '#' + spacingID ).css ( \"height\", lgSpacing );\n            } else if ( window.matchMedia(\"(max-width: 1199px) and (min-width: 992px )\").matches && mdSpacing ) {\n                $( '#' + spacingID ).css ( \"height\", mdSpacing );\n            } else if ( window.matchMedia(\"(max-width: 991px) and (min-width: 768px )\").matches && smSpacing ) {\n                $( '#' + spacingID ).css ( \"height\", smSpacing );\n            } else if ( window.matchMedia(\"(max-width: 767px)\").matches && xsSpacing ) {\n                $( '#' + spacingID ).css ( \"height\", xsSpacing );\n            } else {\n                $( '#' + spacingID ).css ( \"height\", \"\" );\n            }\n        }\n\n        $(document).ready(function() {\n            stmSpacing();\n        });\n\n        $(window).resize(function() {\n            stmSpacing();\n        });\n\n    })(jQuery);\n<\/script>\t\t\t\t<\/div>\n\t\t\t\t<\/div>\n\t\t\t\t<div class=\"elementor-element elementor-element-b16de43 elementor-widget elementor-widget-text-editor\" data-id=\"b16de43\" data-element_type=\"widget\" data-widget_type=\"text-editor.default\">\n\t\t\t\t<div class=\"elementor-widget-container\">\n\t\t\t\t\t\t\t\t\t<p><span style=\"font-size: 8pt;\">Copyright \u00a9 2025 \u2013 imperium.li \u2013 Todos os direitos reservados.<\/span><\/p>\n\t\t\t\t\t\t\t\t<\/div>\n\t\t\t\t<\/div>\n\t\t\t\t\t<\/div>\n\t\t\t\t<\/div>\n\t\t\t\t<\/div>\n\t\t\t\t<\/div>\n\t\t","protected":false},"excerpt":{"rendered":"<p>O nosso servi\u00e7o Metais preciosos da mais alta qualidade &#8211; com condi\u00e7\u00f5es especiais para grandes investidores Os nossos metais preciosos s\u00e3o sin\u00f3nimo de pureza excecional, excelente processamento e estabilidade de valor a longo prazo. Quer se trate de ouro, prata, platina ou pal\u00e1dio &#8211; beneficie de produtos de alta qualidade que cumprem as normas internacionais<\/p>\n","protected":false},"author":1,"featured_media":0,"parent":0,"menu_order":2,"comment_status":"closed","ping_status":"closed","template":"","meta":{"om_disable_all_campaigns":false,"_monsterinsights_skip_tracking":false,"_monsterinsights_sitenote_active":false,"_monsterinsights_sitenote_note":"","_monsterinsights_sitenote_category":0,"footnotes":""},"class_list":["post-3404","page","type-page","status-publish","hentry"],"aioseo_notices":[],"yoast_head":"<!-- This site is optimized with the Yoast SEO plugin v24.9 - https:\/\/yoast.com\/wordpress\/plugins\/seo\/ -->\n<title>Servi\u00e7o - imperium.li<\/title>\n<meta name=\"robots\" content=\"index, follow, max-snippet:-1, max-image-preview:large, max-video-preview:-1\" \/>\n<link rel=\"canonical\" href=\"https:\/\/imperium.li\/?page_id=3404&lang=pt\" \/>\n<meta property=\"og:locale\" content=\"de_DE\" \/>\n<meta property=\"og:type\" content=\"article\" \/>\n<meta property=\"og:title\" content=\"Servi\u00e7o - imperium.li\" \/>\n<meta property=\"og:description\" content=\"O nosso servi\u00e7o Metais preciosos da mais alta qualidade &#8211; com condi\u00e7\u00f5es especiais para grandes investidores Os nossos metais preciosos s\u00e3o sin\u00f3nimo de pureza excecional, excelente processamento e estabilidade de valor a longo prazo. Quer se trate de ouro, prata, platina ou pal\u00e1dio &#8211; beneficie de produtos de alta qualidade que cumprem as normas internacionais\" \/>\n<meta property=\"og:url\" content=\"https:\/\/imperium.li\/?page_id=3404&amp;lang=pt\" \/>\n<meta property=\"og:site_name\" content=\"imperium.li\" \/>\n<meta property=\"article:modified_time\" content=\"2025-02-07T06:10:17+00:00\" \/>\n<meta property=\"og:image\" content=\"https:\/\/imperium.li\/wp-content\/uploads\/2025\/01\/silberbarre4.png\" \/>\n<meta name=\"twitter:card\" content=\"summary_large_image\" \/>\n<meta name=\"twitter:label1\" content=\"Gesch\u00e4tzte Lesezeit\" \/>\n\t<meta name=\"twitter:data1\" content=\"2\u00a0Minuten\" \/>\n<script type=\"application\/ld+json\" class=\"yoast-schema-graph\">{\"@context\":\"https:\/\/schema.org\",\"@graph\":[{\"@type\":\"WebPage\",\"@id\":\"https:\/\/imperium.li\/?page_id=3404&lang=pt\",\"url\":\"https:\/\/imperium.li\/?page_id=3404&lang=pt\",\"name\":\"Servi\u00e7o - imperium.li\",\"isPartOf\":{\"@id\":\"https:\/\/imperium.li\/#website\"},\"primaryImageOfPage\":{\"@id\":\"https:\/\/imperium.li\/?page_id=3404&lang=pt#primaryimage\"},\"image\":{\"@id\":\"https:\/\/imperium.li\/?page_id=3404&lang=pt#primaryimage\"},\"thumbnailUrl\":\"https:\/\/imperium.li\/wp-content\/uploads\/2025\/01\/silberbarre4.png\",\"datePublished\":\"2025-02-06T21:57:27+00:00\",\"dateModified\":\"2025-02-07T06:10:17+00:00\",\"breadcrumb\":{\"@id\":\"https:\/\/imperium.li\/?page_id=3404&lang=pt#breadcrumb\"},\"inLanguage\":\"de\",\"potentialAction\":[{\"@type\":\"ReadAction\",\"target\":[\"https:\/\/imperium.li\/?page_id=3404&lang=pt\"]}]},{\"@type\":\"ImageObject\",\"inLanguage\":\"de\",\"@id\":\"https:\/\/imperium.li\/?page_id=3404&lang=pt#primaryimage\",\"url\":\"https:\/\/imperium.li\/wp-content\/uploads\/2025\/01\/silberbarre4.png\",\"contentUrl\":\"https:\/\/imperium.li\/wp-content\/uploads\/2025\/01\/silberbarre4.png\",\"width\":1024,\"height\":1024},{\"@type\":\"BreadcrumbList\",\"@id\":\"https:\/\/imperium.li\/?page_id=3404&lang=pt#breadcrumb\",\"itemListElement\":[{\"@type\":\"ListItem\",\"position\":1,\"name\":\"Startseite\",\"item\":\"https:\/\/imperium.li\/\"},{\"@type\":\"ListItem\",\"position\":2,\"name\":\"Servi\u00e7o\"}]},{\"@type\":\"WebSite\",\"@id\":\"https:\/\/imperium.li\/#website\",\"url\":\"https:\/\/imperium.li\/\",\"name\":\"imperium.li\",\"description\":\"Exklusiver Handel mit Edelmetallen wie Gold, Silber, Platin\",\"potentialAction\":[{\"@type\":\"SearchAction\",\"target\":{\"@type\":\"EntryPoint\",\"urlTemplate\":\"https:\/\/imperium.li\/?s={search_term_string}\"},\"query-input\":{\"@type\":\"PropertyValueSpecification\",\"valueRequired\":true,\"valueName\":\"search_term_string\"}}],\"inLanguage\":\"de\"}]}<\/script>\n<!-- \/ Yoast SEO plugin. -->","yoast_head_json":{"title":"Servi\u00e7o - imperium.li","robots":{"index":"index","follow":"follow","max-snippet":"max-snippet:-1","max-image-preview":"max-image-preview:large","max-video-preview":"max-video-preview:-1"},"canonical":"https:\/\/imperium.li\/?page_id=3404&lang=pt","og_locale":"de_DE","og_type":"article","og_title":"Servi\u00e7o - imperium.li","og_description":"O nosso servi\u00e7o Metais preciosos da mais alta qualidade &#8211; com condi\u00e7\u00f5es especiais para grandes investidores Os nossos metais preciosos s\u00e3o sin\u00f3nimo de pureza excecional, excelente processamento e estabilidade de valor a longo prazo. Quer se trate de ouro, prata, platina ou pal\u00e1dio &#8211; beneficie de produtos de alta qualidade que cumprem as normas internacionais","og_url":"https:\/\/imperium.li\/?page_id=3404&lang=pt","og_site_name":"imperium.li","article_modified_time":"2025-02-07T06:10:17+00:00","og_image":[{"url":"https:\/\/imperium.li\/wp-content\/uploads\/2025\/01\/silberbarre4.png","type":"","width":"","height":""}],"twitter_card":"summary_large_image","twitter_misc":{"Gesch\u00e4tzte Lesezeit":"2\u00a0Minuten"},"schema":{"@context":"https:\/\/schema.org","@graph":[{"@type":"WebPage","@id":"https:\/\/imperium.li\/?page_id=3404&lang=pt","url":"https:\/\/imperium.li\/?page_id=3404&lang=pt","name":"Servi\u00e7o - imperium.li","isPartOf":{"@id":"https:\/\/imperium.li\/#website"},"primaryImageOfPage":{"@id":"https:\/\/imperium.li\/?page_id=3404&lang=pt#primaryimage"},"image":{"@id":"https:\/\/imperium.li\/?page_id=3404&lang=pt#primaryimage"},"thumbnailUrl":"https:\/\/imperium.li\/wp-content\/uploads\/2025\/01\/silberbarre4.png","datePublished":"2025-02-06T21:57:27+00:00","dateModified":"2025-02-07T06:10:17+00:00","breadcrumb":{"@id":"https:\/\/imperium.li\/?page_id=3404&lang=pt#breadcrumb"},"inLanguage":"de","potentialAction":[{"@type":"ReadAction","target":["https:\/\/imperium.li\/?page_id=3404&lang=pt"]}]},{"@type":"ImageObject","inLanguage":"de","@id":"https:\/\/imperium.li\/?page_id=3404&lang=pt#primaryimage","url":"https:\/\/imperium.li\/wp-content\/uploads\/2025\/01\/silberbarre4.png","contentUrl":"https:\/\/imperium.li\/wp-content\/uploads\/2025\/01\/silberbarre4.png","width":1024,"height":1024},{"@type":"BreadcrumbList","@id":"https:\/\/imperium.li\/?page_id=3404&lang=pt#breadcrumb","itemListElement":[{"@type":"ListItem","position":1,"name":"Startseite","item":"https:\/\/imperium.li\/"},{"@type":"ListItem","position":2,"name":"Servi\u00e7o"}]},{"@type":"WebSite","@id":"https:\/\/imperium.li\/#website","url":"https:\/\/imperium.li\/","name":"imperium.li","description":"Exklusiver Handel mit Edelmetallen wie Gold, Silber, Platin","potentialAction":[{"@type":"SearchAction","target":{"@type":"EntryPoint","urlTemplate":"https:\/\/imperium.li\/?s={search_term_string}"},"query-input":{"@type":"PropertyValueSpecification","valueRequired":true,"valueName":"search_term_string"}}],"inLanguage":"de"}]}},"_links":{"self":[{"href":"https:\/\/imperium.li\/index.php?rest_route=\/wp\/v2\/pages\/3404","targetHints":{"allow":["GET"]}}],"collection":[{"href":"https:\/\/imperium.li\/index.php?rest_route=\/wp\/v2\/pages"}],"about":[{"href":"https:\/\/imperium.li\/index.php?rest_route=\/wp\/v2\/types\/page"}],"author":[{"embeddable":true,"href":"https:\/\/imperium.li\/index.php?rest_route=\/wp\/v2\/users\/1"}],"replies":[{"embeddable":true,"href":"https:\/\/imperium.li\/index.php?rest_route=%2Fwp%2Fv2%2Fcomments&post=3404"}],"version-history":[{"count":11,"href":"https:\/\/imperium.li\/index.php?rest_route=\/wp\/v2\/pages\/3404\/revisions"}],"predecessor-version":[{"id":3541,"href":"https:\/\/imperium.li\/index.php?rest_route=\/wp\/v2\/pages\/3404\/revisions\/3541"}],"wp:attachment":[{"href":"https:\/\/imperium.li\/index.php?rest_route=%2Fwp%2Fv2%2Fmedia&parent=3404"}],"curies":[{"name":"wp","href":"https:\/\/api.w.org\/{rel}","templated":true}]}}